{"id":8,"date":"2015-10-18T23:15:16","date_gmt":"2015-10-19T04:15:16","guid":{"rendered":"http:\/\/coldcallinggroup.com\/?page_id=8"},"modified":"2015-10-19T00:37:12","modified_gmt":"2015-10-19T05:37:12","slug":"about-us","status":"publish","type":"page","link":"https:\/\/coldcallinggroup.com\/es\/about-us\/","title":{"rendered":"acerca de nosotros"},"content":{"rendered":"<p>Cold Calling Group  es una firma de profesionales en el desarrollo de negocios especializados en realizar llamadas y fijar reuniones de alta calidad con las personas y empresas correctas.<\/p>\n<p>Tenemos un grupo de especialistas que trabajan con unos pocos clientes a la vez para asegurar que nuestros est\u00e1ndares de calidad siguen siendo los mejores. Cuando trabaja con Cold Calling Group puede estar seguro que est\u00e1 confiando su empresa a profesionales que trabajar\u00e1n por ella como si fuera propia.<\/p>\n<p>No somos un centro de llamadas. Nosotros no hacemos encuestas, soporte t\u00e9cnico de entrada o llamamos a las personas  a su casa a la hora de la cena. No vamos a pasar la campa\u00f1a al personal \u201csubalterno\u201d una vez que la campa\u00f1a est\u00e1 en marcha porque no tenemos personal subalterno.<\/p>\n<p>Somos un equipo de profesionales estableciendo reuniones de alta categor\u00eda para su empresa. <\/p>\n<p>Contamos con una metodolog\u00eda probada que es lo suficientemente flexible como para satisfacer las necesidades espec\u00edficas de cada uno de nuestros clientes. Estamos tan seguros de nuestro desempe\u00f1o que trabajamos bajo el modelo de pago por rendimiento, lo cual significa que nos pagar\u00e1 solo por reuniones concretadas con la empresa en la cual est\u00e1 interesado.<\/p>","protected":false},"excerpt":{"rendered":"<p>Cold Calling Group es una firma de profesionales en el desarrollo de negocios especializados en realizar llamadas y fijar reuniones de alta calidad con las personas y empresas correctas. Tenemos un grupo de especialistas que trabajan con unos pocos clientes a la vez para asegurar que nuestros est\u00e1ndares de calidad siguen siendo los mejores. Cuando [&hellip;]<\/p>\n","protected":false},"author":1,"featured_media":0,"parent":0,"menu_order":0,"comment_status":"closed","ping_status":"closed","template":"","meta":{"footnotes":""},"class_list":["post-8","page","type-page","status-publish","hentry"],"_links":{"self":[{"href":"https:\/\/coldcallinggroup.com\/es\/wp-json\/wp\/v2\/pages\/8","targetHints":{"allow":["GET"]}}],"collection":[{"href":"https:\/\/coldcallinggroup.com\/es\/wp-json\/wp\/v2\/pages"}],"about":[{"href":"https:\/\/coldcallinggroup.com\/es\/wp-json\/wp\/v2\/types\/page"}],"author":[{"embeddable":true,"href":"https:\/\/coldcallinggroup.com\/es\/wp-json\/wp\/v2\/users\/1"}],"replies":[{"embeddable":true,"href":"https:\/\/coldcallinggroup.com\/es\/wp-json\/wp\/v2\/comments?post=8"}],"version-history":[{"count":3,"href":"https:\/\/coldcallinggroup.com\/es\/wp-json\/wp\/v2\/pages\/8\/revisions"}],"predecessor-version":[{"id":41,"href":"https:\/\/coldcallinggroup.com\/es\/wp-json\/wp\/v2\/pages\/8\/revisions\/41"}],"wp:attachment":[{"href":"https:\/\/coldcallinggroup.com\/es\/wp-json\/wp\/v2\/media?parent=8"}],"curies":[{"name":"wp","href":"https:\/\/api.w.org\/{rel}","templated":true}]}}