{"id":14,"date":"2015-10-18T23:21:04","date_gmt":"2015-10-19T04:21:04","guid":{"rendered":"http:\/\/coldcallinggroup.com\/?page_id=14"},"modified":"2015-10-30T09:34:44","modified_gmt":"2015-10-30T14:34:44","slug":"home","status":"publish","type":"page","link":"https:\/\/coldcallinggroup.com\/es\/","title":{"rendered":"p\u00e1gina principal"},"content":{"rendered":"<p><strong>Cold Calling Group<\/strong> es un servicio externo que organiza reuniones de ventas con las empresas potenciales con las cuales le gustar\u00eda tener contacto. Trabajamos en un modelo de pago por rendimiento por lo que s\u00f3lo paga por las reuniones que toman lugar.<\/p>\n<h3>Profesionales Estableciendo Reuniones<\/h3>\n<p>La clave de nuestro \u00e9xito es nuestra profundidad de experiencia y nuestra capacidad de conocer a nuestros clientes. Entendemos su negocio y sabemos c\u00f3mo posicionarlo en el mercado. Cada uno de los integrantes de nuestro equipo de profesionales cuenta con m\u00e1s de y no nos limitamos a leer un gui\u00f3n.<\/p>\n<h3>Una parte de su equipo de ventas<\/h3>\n<p>Interactuamos con su equipo de venta, para presentarle una sola soluci\u00f3n a las empresas, dando la idea de que trabajamos internamente en la empresa de nuestro cliente. Utilizando listas con contactos espec\u00edficos, nuestro equipo trabaja con cada uno de sus representantes para ocuparlos y mantenerlos ocupados.<\/p>\n<h3>Modelo de pago por rendimiento<\/h3>\n<p>Cold Calling Group se respalda en su calidad de nuestro trabajo. Nuestros clientes, pagan \u00fanicamente por reuniones a la cual asistieron ambas partes. El costo de nuestro Pago por Rendimiento es variable, d\u00e1ndoles a nuestros clientes el presupuesto adecuado de manera eficaz.<\/p>\n<h3>Soluci\u00f3n Llave en Mano<\/h3>\n<p>Cold Calling Group no requiere un acuerdo a largo plazo y trabajamos con base a los resultados. En pocas palabras estamos aqu\u00ed cuando nos necesite el tiempo que nos necesite.<\/p>","protected":false},"excerpt":{"rendered":"<p>Cold Calling Group es un servicio externo que organiza reuniones de ventas con las empresas potenciales con las cuales le gustar\u00eda tener contacto. Trabajamos en un modelo de pago por rendimiento por lo que s\u00f3lo paga por las reuniones que toman lugar. Profesionales Estableciendo Reuniones La clave de nuestro \u00e9xito es nuestra profundidad de experiencia [&hellip;]<\/p>\n","protected":false},"author":1,"featured_media":0,"parent":0,"menu_order":0,"comment_status":"closed","ping_status":"closed","template":"","meta":{"footnotes":""},"class_list":["post-14","page","type-page","status-publish","hentry"],"_links":{"self":[{"href":"https:\/\/coldcallinggroup.com\/es\/wp-json\/wp\/v2\/pages\/14","targetHints":{"allow":["GET"]}}],"collection":[{"href":"https:\/\/coldcallinggroup.com\/es\/wp-json\/wp\/v2\/pages"}],"about":[{"href":"https:\/\/coldcallinggroup.com\/es\/wp-json\/wp\/v2\/types\/page"}],"author":[{"embeddable":true,"href":"https:\/\/coldcallinggroup.com\/es\/wp-json\/wp\/v2\/users\/1"}],"replies":[{"embeddable":true,"href":"https:\/\/coldcallinggroup.com\/es\/wp-json\/wp\/v2\/comments?post=14"}],"version-history":[{"count":8,"href":"https:\/\/coldcallinggroup.com\/es\/wp-json\/wp\/v2\/pages\/14\/revisions"}],"predecessor-version":[{"id":51,"href":"https:\/\/coldcallinggroup.com\/es\/wp-json\/wp\/v2\/pages\/14\/revisions\/51"}],"wp:attachment":[{"href":"https:\/\/coldcallinggroup.com\/es\/wp-json\/wp\/v2\/media?parent=14"}],"curies":[{"name":"wp","href":"https:\/\/api.w.org\/{rel}","templated":true}]}}