{"id":10,"date":"2015-10-18T23:15:52","date_gmt":"2015-10-19T04:15:52","guid":{"rendered":"http:\/\/coldcallinggroup.com\/?page_id=10"},"modified":"2015-10-19T00:36:00","modified_gmt":"2015-10-19T05:36:00","slug":"services","status":"publish","type":"page","link":"https:\/\/coldcallinggroup.com\/es\/services\/","title":{"rendered":"servicios"},"content":{"rendered":"<p><\/p>\n<h3>Administraci\u00f3n de Cuentas<\/h3>\n<p>Un gerente de cuenta trabajar\u00e1 con usted directamente para crear y gestionar su campa\u00f1a de principio a fin. El gerente de la cuenta se comunicar\u00e1 con usted sobre una base regular para informar y mejorar el proceso a medida que avanzamos.<\/p>\n<h3>Informes<\/h3>\n<p>Podemos ayudarle a construir su base de datos y recopilar datos valiosos no s\u00f3lo para medir los resultados, sino tambi\u00e9n para ayudar con la planificaci\u00f3n futura del desarrollo de negocios.<\/p>\n<h3>Planificaci\u00f3n de Desarrollo de Negocios<\/h3>\n<p>Con Cold Calling Group ud trabaja con un equipo que sabe y entiende el desarrollo de los negocios. Si no est\u00e1 seguro de por d\u00f3nde empezar, podemos ayudar a desarrollar y poner en pr\u00e1ctica una iniciativa efectiva para realizar las reuniones y poner en marcha su desarrollo empresarial.<\/p>","protected":false},"excerpt":{"rendered":"<p>Administraci\u00f3n de Cuentas Un gerente de cuenta trabajar\u00e1 con usted directamente para crear y gestionar su campa\u00f1a de principio a fin. El gerente de la cuenta se comunicar\u00e1 con usted sobre una base regular para informar y mejorar el proceso a medida que avanzamos. Informes Podemos ayudarle a construir su base de datos y recopilar [&hellip;]<\/p>\n","protected":false},"author":1,"featured_media":0,"parent":0,"menu_order":0,"comment_status":"closed","ping_status":"closed","template":"","meta":{"footnotes":""},"class_list":["post-10","page","type-page","status-publish","hentry"],"_links":{"self":[{"href":"https:\/\/coldcallinggroup.com\/es\/wp-json\/wp\/v2\/pages\/10","targetHints":{"allow":["GET"]}}],"collection":[{"href":"https:\/\/coldcallinggroup.com\/es\/wp-json\/wp\/v2\/pages"}],"about":[{"href":"https:\/\/coldcallinggroup.com\/es\/wp-json\/wp\/v2\/types\/page"}],"author":[{"embeddable":true,"href":"https:\/\/coldcallinggroup.com\/es\/wp-json\/wp\/v2\/users\/1"}],"replies":[{"embeddable":true,"href":"https:\/\/coldcallinggroup.com\/es\/wp-json\/wp\/v2\/comments?post=10"}],"version-history":[{"count":2,"href":"https:\/\/coldcallinggroup.com\/es\/wp-json\/wp\/v2\/pages\/10\/revisions"}],"predecessor-version":[{"id":40,"href":"https:\/\/coldcallinggroup.com\/es\/wp-json\/wp\/v2\/pages\/10\/revisions\/40"}],"wp:attachment":[{"href":"https:\/\/coldcallinggroup.com\/es\/wp-json\/wp\/v2\/media?parent=10"}],"curies":[{"name":"wp","href":"https:\/\/api.w.org\/{rel}","templated":true}]}}